{"id":16191,"date":"2015-07-14T15:22:29","date_gmt":"2015-07-14T15:22:29","guid":{"rendered":"http:\/\/doverfa2.webgraphity.com\/fr\/?page_id=16191"},"modified":"2018-11-28T11:28:31","modified_gmt":"2018-11-28T11:28:31","slug":"accueil","status":"publish","type":"page","link":"https:\/\/doverforensics.ca\/fr\/","title":{"rendered":"accueil"},"content":{"rendered":"<div class=\"wpb-content-wrapper\"><p>[vc_row][vc_column]<div class=\"call_to_action normal\" style=\"background-color: #ededed;\"><div class=\"container_inner\"><div class=\"two_columns_75_25 clearfix\"><div class=\"text_wrapper column1\"><div class=\"call_to_action_text \" style=\"\"><span style=\"color: #353435; font-size: 20px;\">Nous investiguons et analysons les preuves financi\u00e8res. Nous pouvons vous aider!<\/span><\/div><\/div><div class=\"button_wrapper column2\"><a itemprop=\"url\" href=\"http:\/\/doverforensics.ca\/fr\/contact\/\" class=\"qbutton white \" target=\"\" style=\"\" >Contactez-nous<\/a><\/div><\/div><\/div><\/div>[\/vc_column][\/vc_row][vc_row type=\u00a0\u00bbgrid\u00a0\u00bb anchor=\u00a0\u00bbportfolio\u00a0\u00bb background_color=\u00a0\u00bb#ffffff\u00a0\u00bb border_color=\u00a0\u00bb#eeeeee\u00a0\u00bb padding_top=\u00a0\u00bb73&Prime; padding_bottom=\u00a0\u00bb0&Prime;][vc_column][vc_column_text]<\/p>\n<h2 style=\"text-align: center;\">Contentieux, Investigation et Juricomptabilit\u00e9<\/h2>\n<p>[\/vc_column_text][vc_separator type=\u00a0\u00bbsmall\u00a0\u00bb color=\u00a0\u00bb#818181&Prime; up=\u00a0\u00bb20&Prime; down=\u00a0\u00bb20&Prime;][vc_column_text]<\/p>\n<p style=\"text-align: center;\">Le mod\u00e8le de Dover nous permet de vous livrer le meilleur travail qui soit, plus rapidement que nos concurrents<\/p>\n<p style=\"text-align: center;\">Nous respectons nos budgets dans le cadre de notre \u00ab engagement sans surprise \u00bb<\/p>\n<p>[\/vc_column_text][vc_separator type=\u00a0\u00bbtransparent\u00a0\u00bb up=\u00a0\u00bb45&Prime; down=\u00a0\u00bb18&Prime;][vc_row_inner css=\u00a0\u00bb.vc_custom_1436557113508{margin-top: 20px !important;margin-right: 20px !important;margin-bottom: 20px !important;margin-left: 20px !important;}\u00a0\u00bb][vc_column_inner width=\u00a0\u00bb1\/3&Prime;][vc_single_image image=\u00a0\u00bb16464&Prime; img_size=\u00a0\u00bbfull\u00a0\u00bb alignment=\u00a0\u00bbcenter\u00a0\u00bb][vc_separator type=\u00a0\u00bbtransparent\u00a0\u00bb up=\u00a0\u00bb25&Prime; down=\u00a0\u00bb0&Prime;][vc_column_text]<\/p>\n<h5>SOCI\u00c9T\u00c9S<\/h5>\n<p>[\/vc_column_text][vc_separator type=\u00a0\u00bbtransparent\u00a0\u00bb up=\u00a0\u00bb6&Prime; down=\u00a0\u00bb0&Prime;][vc_column_text]<\/p>\n<p>Brasser des affaires peut parfois signifier que les choses tourneront mal entre l\u2019entreprise, les tierces parties, les actionnaires ou les employ\u00e9s.<\/p>\n<p>[\/vc_column_text][vc_separator type=\u00a0\u00bbtransparent\u00a0\u00bb up=\u00a0\u00bb15&Prime; down=\u00a0\u00bb0&Prime;]<a  itemprop=\"url\" href=\"http:\/\/doverforensics.ca\/fr\/practice-areas\/\/practice-areas\/#corporate\" target=\"_self\" data-hover-background-color='#e5e5e5' data-hover-color='#7a7a7a' class=\"qbutton  default\" style=\"color: #34516a; border-color: #34516a; border-radius: 5px;-moz-border-radius: 5px;-webkit-border-radius: 5px; background-color: #ffffff;\">D\u00c9TAILS <\/a>[vc_separator type=\u00a0\u00bbtransparent\u00a0\u00bb up=\u00a0\u00bb76&Prime; down=\u00a0\u00bb0&Prime;][\/vc_column_inner][vc_column_inner width=\u00a0\u00bb1\/3&Prime;][vc_single_image image=\u00a0\u00bb16465&Prime; img_size=\u00a0\u00bbfull\u00a0\u00bb alignment=\u00a0\u00bbcenter\u00a0\u00bb][vc_separator type=\u00a0\u00bbtransparent\u00a0\u00bb up=\u00a0\u00bb25&Prime; down=\u00a0\u00bb0&Prime;][vc_column_text]<\/p>\n<h5>ASSISTANCE JURIDIQUE ET CONTENTIEUSE<\/h5>\n<p>[\/vc_column_text][vc_separator type=\u00a0\u00bbtransparent\u00a0\u00bb up=\u00a0\u00bb6&Prime; down=\u00a0\u00bb0&Prime;][vc_column_text]<\/p>\n<p>Les proc\u00e9dures criminelles et civiles requi\u00e8rent une analyse quantitative complexe pour en arriver \u00e0 des r\u00e8glements \u00e9quitables. Nous travaillons de concert avec votre avocat.<\/p>\n<p>[\/vc_column_text][vc_separator type=\u00a0\u00bbtransparent\u00a0\u00bb up=\u00a0\u00bb15&Prime; down=\u00a0\u00bb0&Prime;]<a  itemprop=\"url\" href=\"http:\/\/doverforensics.ca\/fr\/practice-areas\/#legal\" target=\"_self\" data-hover-background-color='#e5e5e5' data-hover-color='#7a7a7a' class=\"qbutton  default\" style=\"color: #34516a; border-color: #34516a; border-radius: 5px;-moz-border-radius: 5px;-webkit-border-radius: 5px; background-color: #ffffff;\">D\u00c9TAILS <\/a>[vc_separator type=\u00a0\u00bbtransparent\u00a0\u00bb up=\u00a0\u00bb76&Prime; down=\u00a0\u00bb0&Prime;][\/vc_column_inner][vc_column_inner width=\u00a0\u00bb1\/3&Prime;][vc_single_image image=\u00a0\u00bb16466&Prime; img_size=\u00a0\u00bbfull\u00a0\u00bb alignment=\u00a0\u00bbcenter\u00a0\u00bb][vc_separator type=\u00a0\u00bbtransparent\u00a0\u00bb up=\u00a0\u00bb25&Prime; down=\u00a0\u00bb0&Prime;][vc_column_text]<\/p>\n<h5>ASSURANCE<\/h5>\n<p>[\/vc_column_text][vc_separator type=\u00a0\u00bbtransparent\u00a0\u00bb up=\u00a0\u00bb6&Prime; down=\u00a0\u00bb0&Prime;][vc_column_text]<\/p>\n<p>Quantification des pertes assurables et collaboration avec votre courtier en assurance ou r\u00e9vision des r\u00e9clamations au nom de l\u2019assureur.<\/p>\n<p>[\/vc_column_text][vc_separator type=\u00a0\u00bbtransparent\u00a0\u00bb up=\u00a0\u00bb15&Prime; down=\u00a0\u00bb0&Prime;]<a  itemprop=\"url\" href=\"http:\/\/doverforensics.ca\/fr\/practice-areas\/#insurance\" target=\"_self\" data-hover-background-color='#e5e5e5' data-hover-color='#7a7a7a' class=\"qbutton  default\" style=\"color: #34516a; border-color: #34516a; border-radius: 5px;-moz-border-radius: 5px;-webkit-border-radius: 5px; background-color: #ffffff;\">D\u00c9TAILS <\/a>[vc_separator type=\u00a0\u00bbtransparent\u00a0\u00bb up=\u00a0\u00bb76&Prime; down=\u00a0\u00bb0&Prime;][\/vc_column_inner][\/vc_row_inner][\/vc_column][\/vc_row]<\/p>\n<\/div>","protected":false},"excerpt":{"rendered":"<p>[vc_row][vc_column][\/vc_column][\/vc_row][vc_row type=\u00a0\u00bbgrid\u00a0\u00bb anchor=\u00a0\u00bbportfolio\u00a0\u00bb background_color=\u00a0\u00bb#ffffff\u00a0\u00bb border_color=\u00a0\u00bb#eeeeee\u00a0\u00bb padding_top=\u00a0\u00bb73&Prime; padding_bottom=\u00a0\u00bb0&Prime;][vc_column][vc_column_text] Contentieux, Investigation et Juricomptabilit\u00e9 [\/vc_column_text][vc_separator type=\u00a0\u00bbsmall\u00a0\u00bb color=\u00a0\u00bb#818181&Prime; up=\u00a0\u00bb20&Prime; down=\u00a0\u00bb20&Prime;][vc_column_text] Le mod\u00e8le de Dover nous permet de vous livrer le meilleur travail qui soit, plus rapidement que nos concurrents Nous respectons nos budgets dans le cadre de notre \u00ab&#8230;<\/p>\n","protected":false},"author":1,"featured_media":0,"parent":0,"menu_order":0,"comment_status":"open","ping_status":"open","template":"full_width.php","meta":{"footnotes":""},"class_list":["post-16191","page","type-page","status-publish","hentry"],"yoast_head":"<!-- This site is optimized with the Yoast SEO plugin v27.2 - https:\/\/yoast.com\/product\/yoast-seo-wordpress\/ -->\n<title>accueil - Dover Forensics<\/title>\n<meta name=\"robots\" content=\"index, follow, max-snippet:-1, max-image-preview:large, max-video-preview:-1\" \/>\n<link rel=\"canonical\" href=\"https:\/\/doverforensics.ca\/fr\/\" \/>\n<meta property=\"og:locale\" content=\"fr_FR\" \/>\n<meta property=\"og:type\" content=\"article\" \/>\n<meta property=\"og:title\" content=\"accueil - Dover Forensics\" \/>\n<meta property=\"og:description\" content=\"[vc_row][vc_column][\/vc_column][\/vc_row][vc_row type=\u00a0\u00bbgrid\u00a0\u00bb anchor=\u00a0\u00bbportfolio\u00a0\u00bb background_color=\u00a0\u00bb#ffffff\u00a0\u00bb border_color=\u00a0\u00bb#eeeeee\u00a0\u00bb padding_top=\u00a0\u00bb73&Prime; padding_bottom=\u00a0\u00bb0&Prime;][vc_column][vc_column_text] Contentieux, Investigation et Juricomptabilit\u00e9 [\/vc_column_text][vc_separator type=\u00a0\u00bbsmall\u00a0\u00bb color=\u00a0\u00bb#818181&Prime; up=\u00a0\u00bb20&Prime; down=\u00a0\u00bb20&Prime;][vc_column_text] Le mod\u00e8le de Dover nous permet de vous livrer le meilleur travail qui soit, plus rapidement que nos concurrents Nous respectons nos budgets dans le cadre de notre \u00ab...\" \/>\n<meta property=\"og:url\" content=\"https:\/\/doverforensics.ca\/fr\/\" \/>\n<meta property=\"og:site_name\" content=\"Dover Forensics\" \/>\n<meta property=\"article:modified_time\" content=\"2018-11-28T11:28:31+00:00\" \/>\n<meta name=\"twitter:card\" content=\"summary_large_image\" \/>\n<meta name=\"twitter:label1\" content=\"Dur\u00e9e de lecture estim\u00e9e\" \/>\n\t<meta name=\"twitter:data1\" content=\"2 minutes\" \/>\n<script type=\"application\/ld+json\" class=\"yoast-schema-graph\">{\"@context\":\"https:\/\/schema.org\",\"@graph\":[{\"@type\":\"WebPage\",\"@id\":\"https:\/\/doverforensics.ca\/fr\/\",\"url\":\"https:\/\/doverforensics.ca\/fr\/\",\"name\":\"accueil - Dover Forensics\",\"isPartOf\":{\"@id\":\"https:\/\/doverforensics.ca\/#website\"},\"datePublished\":\"2015-07-14T15:22:29+00:00\",\"dateModified\":\"2018-11-28T11:28:31+00:00\",\"breadcrumb\":{\"@id\":\"https:\/\/doverforensics.ca\/fr\/#breadcrumb\"},\"inLanguage\":\"fr-FR\",\"potentialAction\":[{\"@type\":\"ReadAction\",\"target\":[\"https:\/\/doverforensics.ca\/fr\/\"]}]},{\"@type\":\"BreadcrumbList\",\"@id\":\"https:\/\/doverforensics.ca\/fr\/#breadcrumb\",\"itemListElement\":[{\"@type\":\"ListItem\",\"position\":1,\"name\":\"Home\",\"item\":\"https:\/\/doverforensics.ca\/fr\/\"},{\"@type\":\"ListItem\",\"position\":2,\"name\":\"accueil\"}]},{\"@type\":\"WebSite\",\"@id\":\"https:\/\/doverforensics.ca\/#website\",\"url\":\"https:\/\/doverforensics.ca\/\",\"name\":\"Dover Forensics\",\"description\":\"\",\"potentialAction\":[{\"@type\":\"SearchAction\",\"target\":{\"@type\":\"EntryPoint\",\"urlTemplate\":\"https:\/\/doverforensics.ca\/?s={search_term_string}\"},\"query-input\":{\"@type\":\"PropertyValueSpecification\",\"valueRequired\":true,\"valueName\":\"search_term_string\"}}],\"inLanguage\":\"fr-FR\"}]}<\/script>\n<!-- \/ Yoast SEO plugin. -->","yoast_head_json":{"title":"accueil - Dover Forensics","robots":{"index":"index","follow":"follow","max-snippet":"max-snippet:-1","max-image-preview":"max-image-preview:large","max-video-preview":"max-video-preview:-1"},"canonical":"https:\/\/doverforensics.ca\/fr\/","og_locale":"fr_FR","og_type":"article","og_title":"accueil - Dover Forensics","og_description":"[vc_row][vc_column][\/vc_column][\/vc_row][vc_row type=\u00a0\u00bbgrid\u00a0\u00bb anchor=\u00a0\u00bbportfolio\u00a0\u00bb background_color=\u00a0\u00bb#ffffff\u00a0\u00bb border_color=\u00a0\u00bb#eeeeee\u00a0\u00bb padding_top=\u00a0\u00bb73&Prime; padding_bottom=\u00a0\u00bb0&Prime;][vc_column][vc_column_text] Contentieux, Investigation et Juricomptabilit\u00e9 [\/vc_column_text][vc_separator type=\u00a0\u00bbsmall\u00a0\u00bb color=\u00a0\u00bb#818181&Prime; up=\u00a0\u00bb20&Prime; down=\u00a0\u00bb20&Prime;][vc_column_text] Le mod\u00e8le de Dover nous permet de vous livrer le meilleur travail qui soit, plus rapidement que nos concurrents Nous respectons nos budgets dans le cadre de notre \u00ab...","og_url":"https:\/\/doverforensics.ca\/fr\/","og_site_name":"Dover Forensics","article_modified_time":"2018-11-28T11:28:31+00:00","twitter_card":"summary_large_image","twitter_misc":{"Dur\u00e9e de lecture estim\u00e9e":"2 minutes"},"schema":{"@context":"https:\/\/schema.org","@graph":[{"@type":"WebPage","@id":"https:\/\/doverforensics.ca\/fr\/","url":"https:\/\/doverforensics.ca\/fr\/","name":"accueil - Dover Forensics","isPartOf":{"@id":"https:\/\/doverforensics.ca\/#website"},"datePublished":"2015-07-14T15:22:29+00:00","dateModified":"2018-11-28T11:28:31+00:00","breadcrumb":{"@id":"https:\/\/doverforensics.ca\/fr\/#breadcrumb"},"inLanguage":"fr-FR","potentialAction":[{"@type":"ReadAction","target":["https:\/\/doverforensics.ca\/fr\/"]}]},{"@type":"BreadcrumbList","@id":"https:\/\/doverforensics.ca\/fr\/#breadcrumb","itemListElement":[{"@type":"ListItem","position":1,"name":"Home","item":"https:\/\/doverforensics.ca\/fr\/"},{"@type":"ListItem","position":2,"name":"accueil"}]},{"@type":"WebSite","@id":"https:\/\/doverforensics.ca\/#website","url":"https:\/\/doverforensics.ca\/","name":"Dover Forensics","description":"","potentialAction":[{"@type":"SearchAction","target":{"@type":"EntryPoint","urlTemplate":"https:\/\/doverforensics.ca\/?s={search_term_string}"},"query-input":{"@type":"PropertyValueSpecification","valueRequired":true,"valueName":"search_term_string"}}],"inLanguage":"fr-FR"}]}},"_links":{"self":[{"href":"https:\/\/doverforensics.ca\/fr\/wp-json\/wp\/v2\/pages\/16191","targetHints":{"allow":["GET"]}}],"collection":[{"href":"https:\/\/doverforensics.ca\/fr\/wp-json\/wp\/v2\/pages"}],"about":[{"href":"https:\/\/doverforensics.ca\/fr\/wp-json\/wp\/v2\/types\/page"}],"author":[{"embeddable":true,"href":"https:\/\/doverforensics.ca\/fr\/wp-json\/wp\/v2\/users\/1"}],"replies":[{"embeddable":true,"href":"https:\/\/doverforensics.ca\/fr\/wp-json\/wp\/v2\/comments?post=16191"}],"version-history":[{"count":5,"href":"https:\/\/doverforensics.ca\/fr\/wp-json\/wp\/v2\/pages\/16191\/revisions"}],"predecessor-version":[{"id":16533,"href":"https:\/\/doverforensics.ca\/fr\/wp-json\/wp\/v2\/pages\/16191\/revisions\/16533"}],"wp:attachment":[{"href":"https:\/\/doverforensics.ca\/fr\/wp-json\/wp\/v2\/media?parent=16191"}],"curies":[{"name":"wp","href":"https:\/\/api.w.org\/{rel}","templated":true}]}}