{"id":16392,"date":"2014-03-25T08:51:22","date_gmt":"2014-03-25T08:51:22","guid":{"rendered":"http:\/\/doverforensics.ca\/fr\/practice-areas\/"},"modified":"2016-02-22T17:48:03","modified_gmt":"2016-02-22T17:48:03","slug":"expertises","status":"publish","type":"page","link":"https:\/\/doverforensics.ca\/fr\/expertises\/","title":{"rendered":"Expertises"},"content":{"rendered":"<div class=\"wpb-content-wrapper\"><p>[vc_row row_type=\u00a0\u00bbrow\u00a0\u00bb type=\u00a0\u00bbgrid\u00a0\u00bb text_align=\u00a0\u00bbleft\u00a0\u00bb padding_top=\u00a0\u00bb73&Prime; background_color=\u00a0\u00bb#ffffff\u00a0\u00bb padding_bottom=\u00a0\u00bb15&Prime; use_row_as_full_screen_section=\u00a0\u00bbno\u00a0\u00bb parallax_content_width=\u00a0\u00bbin_grid\u00a0\u00bb angled_section=\u00a0\u00bbno\u00a0\u00bb angled_section_position=\u00a0\u00bbboth\u00a0\u00bb angled_section_direction=\u00a0\u00bbfrom_left_to_right\u00a0\u00bb background_image_as_pattern=\u00a0\u00bbwithout_pattern\u00a0\u00bb row_negative_margin=\u00a0\u00bb\u00a0\u00bb anchor=\u00a0\u00bbcorporate\u00a0\u00bb][vc_column width=\u00a0\u00bb1\/1&Prime;][vc_column_text]<\/p>\n<h2 style=\"text-align: center; color: #4a638d;\">SOCI\u00c9T\u00c9S<\/h2>\n<p>[\/vc_column_text][vc_column_text]<\/p>\n<p style=\"text-align: center;\">Brasser des affaires peut parfois signifier que les choses tourneront mal entre l\u2019entreprise, les tierces parties, les actionnaires ou les employ\u00e9s.<\/p>\n<p>[\/vc_column_text][vc_separator type=\u00a0\u00bbsmall\u00a0\u00bb position=\u00a0\u00bbcenter\u00a0\u00bb width_in_percentages=\u00a0\u00bb\u00a0\u00bb up=\u00a0\u00bb10&Prime; down=\u00a0\u00bb15&Prime;][\/vc_column][\/vc_row][vc_row row_type=\u00a0\u00bbrow\u00a0\u00bb type=\u00a0\u00bbgrid\u00a0\u00bb text_align=\u00a0\u00bbleft\u00a0\u00bb background_color=\u00a0\u00bb#ffffff\u00a0\u00bb padding_bottom=\u00a0\u00bb30&Prime;][vc_column width=\u00a0\u00bb1\/2&Prime; css=\u00a0\u00bb.vc_custom_1440242184502{padding-top: 0px !important;}\u00a0\u00bb][vc_single_image image=\u00a0\u00bb16469&Prime; border_color=\u00a0\u00bbgrey\u00a0\u00bb img_link_large=\u00a0\u00bb\u00a0\u00bb img_link_target=\u00a0\u00bb_self\u00a0\u00bb img_size=\u00a0\u00bbfull\u00a0\u00bb alignment=\u00a0\u00bbcenter\u00a0\u00bb][\/vc_column][vc_column width=\u00a0\u00bb1\/2&Prime;][vc_separator type=\u00a0\u00bbtransparent\u00a0\u00bb position=\u00a0\u00bbcenter\u00a0\u00bb width_in_percentages=\u00a0\u00bb\u00a0\u00bb up=\u00a0\u00bb20&Prime; down=\u00a0\u00bb0&Prime;][vc_column_text]<\/p>\n<p>Quantification des dommages et pertes \u00e9conomiques li\u00e9s \u00e0\u00a0:<\/p>\n<p>[\/vc_column_text][vc_separator type=\u00a0\u00bbtransparent\u00a0\u00bb position=\u00a0\u00bbcenter\u00a0\u00bb up=\u00a0\u00bb20&Prime; down=\u00a0\u00bb0&Prime; width_in_percentages=\u00a0\u00bb\u00a0\u00bb]<div class=\"q_icon_list\"><i class=\"qode_icon_font_awesome fa fa-arrow-right qode-ili-icon-holder circle\" style=\"\" ><\/i><p style=\"\">La faillite <\/p><\/div><div class=\"q_icon_list\"><i class=\"qode_icon_font_awesome fa fa-arrow-right qode-ili-icon-holder circle\" style=\"\" ><\/i><p style=\"\">La subrogation<\/p><\/div><div class=\"q_icon_list\"><i class=\"qode_icon_font_awesome fa fa-arrow-right qode-ili-icon-holder circle\" style=\"\" ><\/i><p style=\"\">Actes malhonn\u00eates ou vol par un employ\u00e9<\/p><\/div><div class=\"q_icon_list\"><i class=\"qode_icon_font_awesome fa fa-arrow-right qode-ili-icon-holder circle\" style=\"\" ><\/i><p style=\"\">Les dommages \u00e0 la propri\u00e9t\u00e9<\/p><\/div><div class=\"q_icon_list\"><i class=\"qode_icon_font_awesome fa fa-arrow-right qode-ili-icon-holder circle\" style=\"\" ><\/i><p style=\"\">Les diff\u00e9rends entre actionnaires <\/p><\/div>[vc_separator type=\u00a0\u00bbtransparent\u00a0\u00bb position=\u00a0\u00bbcenter\u00a0\u00bb color=\u00a0\u00bb\u00a0\u00bb transparency=\u00a0\u00bb\u00a0\u00bb thickness=\u00a0\u00bb\u00a0\u00bb width=\u00a0\u00bb\u00a0\u00bb width_in_percentages=\u00a0\u00bb\u00a0\u00bb up=\u00a0\u00bb60&Prime; down=\u00a0\u00bb0&Prime;][\/vc_column][\/vc_row][vc_row row_type=\u00a0\u00bbrow\u00a0\u00bb use_row_as_full_screen_section=\u00a0\u00bbno\u00a0\u00bb type=\u00a0\u00bbfull_width\u00a0\u00bb parallax_content_width=\u00a0\u00bbin_grid\u00a0\u00bb angled_section=\u00a0\u00bbno\u00a0\u00bb angled_section_position=\u00a0\u00bbboth\u00a0\u00bb angled_section_direction=\u00a0\u00bbfrom_left_to_right\u00a0\u00bb text_align=\u00a0\u00bbleft\u00a0\u00bb background_image_as_pattern=\u00a0\u00bbwithout_pattern\u00a0\u00bb row_negative_margin=\u00a0\u00bb\u00a0\u00bb css=\u00a0\u00bb.vc_custom_1436630837678{padding-top: 60px !important;padding-right: 130px !important;padding-bottom: 60px !important;padding-left: 130px !important;background-color: #f7f7f7 !important;}\u00a0\u00bb anchor=\u00a0\u00bblegal\u00a0\u00bb][vc_column width=\u00a0\u00bb1\/1&Prime;][vc_column_text]<\/p>\n<h2 style=\"text-align: center; color: #4a638d;\">ASSISTANCE JURIDIQUE ET CONTENTIEUSE<\/h2>\n<p>[\/vc_column_text][vc_column_text]<\/p>\n<div class=\"wpb_text_column wpb_content_element \">\n<div class=\"wpb_wrapper\">\n<p style=\"text-align: center;\">Les proc\u00e9dures criminelles et civiles requi\u00e8rent une analyse quantitative complexe pour en arriver \u00e0 des r\u00e8glements \u00e9quitables. Nous travaillons de concert avec votre avocat.<\/p>\n<\/div>\n<\/div>\n<p>[\/vc_column_text][vc_separator type=\u00a0\u00bbsmall\u00a0\u00bb position=\u00a0\u00bbcenter\u00a0\u00bb down=\u00a0\u00bb15&Prime; up=\u00a0\u00bb10&Prime; width_in_percentages=\u00a0\u00bb\u00a0\u00bb][vc_row_inner row_type=\u00a0\u00bbrow\u00a0\u00bb use_as_box=\u00a0\u00bb\u00a0\u00bb type=\u00a0\u00bbfull_width\u00a0\u00bb anchor=\u00a0\u00bb\u00a0\u00bb text_align=\u00a0\u00bbleft\u00a0\u00bb background_color=\u00a0\u00bb\u00a0\u00bb background_image=\u00a0\u00bb\u00a0\u00bb section_height=\u00a0\u00bb\u00a0\u00bb border_color=\u00a0\u00bb\u00a0\u00bb row_negative_margin=\u00a0\u00bb\u00a0\u00bb side_padding=\u00a0\u00bb\u00a0\u00bb padding_top=\u00a0\u00bb\u00a0\u00bb padding_bottom=\u00a0\u00bb\u00a0\u00bb more_button_label=\u00a0\u00bb\u00a0\u00bb less_button_label=\u00a0\u00bb\u00a0\u00bb button_position=\u00a0\u00bb\u00a0\u00bb color=\u00a0\u00bb\u00a0\u00bb css_animation=\u00a0\u00bb\u00a0\u00bb transition_delay=\u00a0\u00bb\u00a0\u00bb][vc_column_inner el_class=\u00a0\u00bb\u00a0\u00bb width=\u00a0\u00bb1\/2&Prime;][vc_single_image image=\u00a0\u00bb16471&Prime; border_color=\u00a0\u00bbgrey\u00a0\u00bb img_link_large=\u00a0\u00bb\u00a0\u00bb img_link_target=\u00a0\u00bb_self\u00a0\u00bb img_size=\u00a0\u00bbfull\u00a0\u00bb css=\u00a0\u00bb.vc_custom_1456163229588{border-top-width: 5px !important;border-right-width: 5px !important;border-bottom-width: 5px !important;border-left-width: 5px !important;border-left-color: #efefef !important;border-left-style: solid !important;border-right-color: #efefef !important;border-right-style: solid !important;border-top-color: #efefef !important;border-top-style: solid !important;border-bottom-color: #efefef !important;border-bottom-style: solid !important;}\u00a0\u00bb alignment=\u00a0\u00bbcenter\u00a0\u00bb][\/vc_column_inner][vc_column_inner el_class=\u00a0\u00bb\u00a0\u00bb width=\u00a0\u00bb1\/2&Prime;]<div class='service_table_holder' style='border-style:solid;border-width:2px;border-color:#eaeaea;'><ul class='service_table_inner'><li class='service_table_title_holder background_color_type' style='background-color: #e0e8f5;'><div class='service_table_title_inner'><div class='service_table_title_inner2'><h5 class='service_title' style='color: #4a638d;'>Quantification des dommages \u00e9conomiques li\u00e9s \u00e0 :<\/h5><\/div><\/div><\/li><li class='service_table_content' style='background-color: #efefef;'><\/p>\n<ul>\n<li>L\u2019arbitrage et la m\u00e9diation<\/li>\n<li>Les litiges commerciaux\n<ul>\n<li>Rupture de contrat |\u00a0Fiabilit\u00e9 \/ Rappel de produits |\u00a0D\u00e9marrage retard\u00e9<\/li>\n<\/ul>\n<\/li>\n<li>Le droit de la famille (s\u00e9paration \/ divorce)<\/li>\n<li>Les enqu\u00eates sur la fraude<\/li>\n<\/ul>\n<p><\/li><\/ul><\/div>[\/vc_column_inner][\/vc_row_inner][\/vc_column][\/vc_row][vc_row row_type=\u00a0\u00bbrow\u00a0\u00bb use_row_as_full_screen_section=\u00a0\u00bbno\u00a0\u00bb type=\u00a0\u00bbgrid\u00a0\u00bb parallax_content_width=\u00a0\u00bbin_grid\u00a0\u00bb angled_section=\u00a0\u00bbno\u00a0\u00bb angled_section_position=\u00a0\u00bbboth\u00a0\u00bb angled_section_direction=\u00a0\u00bbfrom_left_to_right\u00a0\u00bb text_align=\u00a0\u00bbleft\u00a0\u00bb background_image_as_pattern=\u00a0\u00bbwithout_pattern\u00a0\u00bb row_negative_margin=\u00a0\u00bb\u00a0\u00bb css=\u00a0\u00bb.vc_custom_1436630976303{background-color: #ffffff !important;}\u00a0\u00bb padding_top=\u00a0\u00bb60&Prime; el_id=\u00a0\u00bbInsurance\u00a0\u00bb anchor=\u00a0\u00bbinsurance\u00a0\u00bb][vc_column width=\u00a0\u00bb1\/1&Prime;][vc_column_text]<\/p>\n<h2 style=\"text-align: center; color: #4a638d;\">ASSURANCE<\/h2>\n<p>[\/vc_column_text][vc_column_text]<\/p>\n<div class=\"wpb_text_column wpb_content_element \">\n<div class=\"wpb_wrapper\">\n<p style=\"text-align: center;\">Quantification des pertes assurables et collaboration avec votre courtier en assurance ou r\u00e9vision des r\u00e9clamations au nom de l\u2019assureur.<\/p>\n<\/div>\n<\/div>\n<p>[\/vc_column_text][vc_separator type=\u00a0\u00bbsmall\u00a0\u00bb position=\u00a0\u00bbcenter\u00a0\u00bb width_in_percentages=\u00a0\u00bb\u00a0\u00bb up=\u00a0\u00bb10&Prime; down=\u00a0\u00bb15&Prime;][\/vc_column][\/vc_row][vc_row row_type=\u00a0\u00bbrow\u00a0\u00bb use_row_as_full_screen_section=\u00a0\u00bbno\u00a0\u00bb type=\u00a0\u00bbgrid\u00a0\u00bb parallax_content_width=\u00a0\u00bbin_grid\u00a0\u00bb angled_section=\u00a0\u00bbno\u00a0\u00bb angled_section_position=\u00a0\u00bbboth\u00a0\u00bb angled_section_direction=\u00a0\u00bbfrom_left_to_right\u00a0\u00bb text_align=\u00a0\u00bbleft\u00a0\u00bb background_image_as_pattern=\u00a0\u00bbwithout_pattern\u00a0\u00bb row_negative_margin=\u00a0\u00bb\u00a0\u00bb][vc_column width=\u00a0\u00bb1\/2&Prime;][vc_single_image image=\u00a0\u00bb16472&Prime; border_color=\u00a0\u00bbgrey\u00a0\u00bb img_link_large=\u00a0\u00bb\u00a0\u00bb img_link_target=\u00a0\u00bb_self\u00a0\u00bb img_size=\u00a0\u00bbfull\u00a0\u00bb css=\u00a0\u00bb.vc_custom_1456163254389{padding-top: 0px !important;}\u00a0\u00bb alignment=\u00a0\u00bbcenter\u00a0\u00bb][\/vc_column][vc_column width=\u00a0\u00bb1\/2&Prime;][vc_column_text]<\/p>\n<p>Quantification des dommages \u00e9conomiques li\u00e9s \u00e0\u00a0:<\/p>\n<p>[\/vc_column_text][vc_accordion collapsible=\u00a0\u00bb\u00a0\u00bb style=\u00a0\u00bbtoggle\u00a0\u00bb active_tab=\u00a0\u00bb1&Prime;][vc_accordion_tab title_tag=\u00a0\u00bbh3&Prime; title=\u00a0\u00bbL\u2019exploitation \u00a0\u00bb background_color=\u00a0\u00bb#e6ecf7&Prime;]<div class=\"q_icon_list\"><i class=\"qode_icon_font_awesome fa fa-arrow-right qode-ili-icon-holder circle\" style=\"\" ><\/i><p style=\"\">Interruption de l\u2019exploitation (perte de profits)<\/p><\/div><div class=\"q_icon_list\"><i class=\"qode_icon_font_awesome fa fa-arrow-right qode-ili-icon-holder circle\" style=\"\" ><\/i><p style=\"\">Augmentation des co\u00fbts<\/p><\/div>[\/vc_accordion_tab][vc_accordion_tab title=\u00a0\u00bbLa responsabilit\u00e9\u00a0\u00bb title_tag=\u00a0\u00bbh3&Prime; background_color=\u00a0\u00bb#e6ecf7&Prime;]<div class=\"q_icon_list\"><i class=\"qode_icon_font_awesome fa fa-arrow-right qode-ili-icon-holder circle\" style=\"\" ><\/i><p style=\"\">Responsabilit\u00e9 en mati\u00e8re de produits <\/p><\/div><div class=\"q_icon_list\"><i class=\"qode_icon_font_awesome fa fa-arrow-right qode-ili-icon-holder circle\" style=\"\" ><\/i><p style=\"\">Actes malhonn\u00eates d\u2019un employ\u00e9 <\/p><\/div>[\/vc_accordion_tab][vc_accordion_tab title=\u00a0\u00bbLa propri\u00e9t\u00e9\u00a0\u00bb title_tag=\u00a0\u00bbh3&Prime; background_color=\u00a0\u00bb#e6ecf7&Prime;]<div class=\"q_icon_list\"><i class=\"qode_icon_font_awesome fa fa-arrow-right qode-ili-icon-holder circle\" style=\"\" ><\/i><p style=\"\">Dommages et construction<\/p><\/div><div class=\"q_icon_list\"><i class=\"qode_icon_font_awesome fa fa-arrow-right qode-ili-icon-holder circle\" style=\"\" ><\/i><p style=\"\">Subrogation<\/p><\/div>[\/vc_accordion_tab][\/vc_accordion][\/vc_column][\/vc_row][vc_row row_type=\u00a0\u00bbrow\u00a0\u00bb use_row_as_full_screen_section=\u00a0\u00bbno\u00a0\u00bb type=\u00a0\u00bbfull_width\u00a0\u00bb header_style=\u00a0\u00bb\u00a0\u00bb parallax_content_width=\u00a0\u00bbin_grid\u00a0\u00bb anchor=\u00a0\u00bb\u00a0\u00bb in_content_menu=\u00a0\u00bb\u00a0\u00bb content_menu_title=\u00a0\u00bb\u00a0\u00bb content_menu_icon=\u00a0\u00bb\u00a0\u00bb angled_section=\u00a0\u00bbno\u00a0\u00bb angled_section_position=\u00a0\u00bbboth\u00a0\u00bb angled_section_direction=\u00a0\u00bbfrom_left_to_right\u00a0\u00bb text_align=\u00a0\u00bbleft\u00a0\u00bb video=\u00a0\u00bb\u00a0\u00bb video_overlay=\u00a0\u00bb\u00a0\u00bb video_overlay_image=\u00a0\u00bb\u00a0\u00bb video_webm=\u00a0\u00bb\u00a0\u00bb video_mp4=\u00a0\u00bb\u00a0\u00bb video_ogv=\u00a0\u00bb\u00a0\u00bb video_image=\u00a0\u00bb\u00a0\u00bb background_image=\u00a0\u00bb\u00a0\u00bb background_image_as_pattern=\u00a0\u00bbwithout_pattern\u00a0\u00bb section_height=\u00a0\u00bb\u00a0\u00bb parallax_speed=\u00a0\u00bb\u00a0\u00bb background_color=\u00a0\u00bb\u00a0\u00bb border_color=\u00a0\u00bb\u00a0\u00bb row_negative_margin=\u00a0\u00bb\u00a0\u00bb side_padding=\u00a0\u00bb\u00a0\u00bb parallax_side_padding=\u00a0\u00bb\u00a0\u00bb padding_top=\u00a0\u00bb\u00a0\u00bb padding_bottom=\u00a0\u00bb\u00a0\u00bb color=\u00a0\u00bb\u00a0\u00bb hover_color=\u00a0\u00bb\u00a0\u00bb more_button_label=\u00a0\u00bb\u00a0\u00bb less_button_label=\u00a0\u00bb\u00a0\u00bb button_position=\u00a0\u00bb\u00a0\u00bb css_animation=\u00a0\u00bb\u00a0\u00bb transition_delay=\u00a0\u00bb\u00a0\u00bb][vc_column width=\u00a0\u00bb1\/1&Prime;][vc_separator type=\u00a0\u00bbnormal\u00a0\u00bb position=\u00a0\u00bbcenter\u00a0\u00bb width_in_percentages=\u00a0\u00bb\u00a0\u00bb down=\u00a0\u00bb60&Prime;][\/vc_column][\/vc_row]<\/p>\n<\/div>","protected":false},"excerpt":{"rendered":"<p>[vc_row row_type=\u00a0\u00bbrow\u00a0\u00bb type=\u00a0\u00bbgrid\u00a0\u00bb text_align=\u00a0\u00bbleft\u00a0\u00bb padding_top=\u00a0\u00bb73&Prime; background_color=\u00a0\u00bb#ffffff\u00a0\u00bb padding_bottom=\u00a0\u00bb15&Prime; use_row_as_full_screen_section=\u00a0\u00bbno\u00a0\u00bb parallax_content_width=\u00a0\u00bbin_grid\u00a0\u00bb angled_section=\u00a0\u00bbno\u00a0\u00bb angled_section_position=\u00a0\u00bbboth\u00a0\u00bb angled_section_direction=\u00a0\u00bbfrom_left_to_right\u00a0\u00bb background_image_as_pattern=\u00a0\u00bbwithout_pattern\u00a0\u00bb row_negative_margin=\u00a0\u00bb\u00a0\u00bb anchor=\u00a0\u00bbcorporate\u00a0\u00bb][vc_column width=\u00a0\u00bb1\/1&Prime;][vc_column_text] SOCI\u00c9T\u00c9S [\/vc_column_text][vc_column_text] Brasser des affaires peut parfois signifier que les choses tourneront mal entre l\u2019entreprise, les tierces parties, les actionnaires ou les employ\u00e9s. [\/vc_column_text][vc_separator type=\u00a0\u00bbsmall\u00a0\u00bb position=\u00a0\u00bbcenter\u00a0\u00bb width_in_percentages=\u00a0\u00bb\u00a0\u00bb up=\u00a0\u00bb10&Prime; down=\u00a0\u00bb15&Prime;][\/vc_column][\/vc_row][vc_row&#8230;<\/p>\n","protected":false},"author":1,"featured_media":0,"parent":0,"menu_order":0,"comment_status":"open","ping_status":"open","template":"full_width.php","meta":{"footnotes":""},"class_list":["post-16392","page","type-page","status-publish","hentry"],"yoast_head":"<!-- This site is optimized with the Yoast SEO plugin v27.2 - https:\/\/yoast.com\/product\/yoast-seo-wordpress\/ -->\n<title>Expertises - Dover Forensics<\/title>\n<meta name=\"robots\" content=\"noindex, nofollow\" \/>\n<meta property=\"og:locale\" content=\"fr_FR\" \/>\n<meta property=\"og:type\" content=\"article\" \/>\n<meta property=\"og:title\" content=\"Expertises - Dover Forensics\" \/>\n<meta property=\"og:description\" content=\"[vc_row row_type=\u00a0\u00bbrow\u00a0\u00bb type=\u00a0\u00bbgrid\u00a0\u00bb text_align=\u00a0\u00bbleft\u00a0\u00bb padding_top=\u00a0\u00bb73&Prime; background_color=\u00a0\u00bb#ffffff\u00a0\u00bb padding_bottom=\u00a0\u00bb15&Prime; use_row_as_full_screen_section=\u00a0\u00bbno\u00a0\u00bb parallax_content_width=\u00a0\u00bbin_grid\u00a0\u00bb angled_section=\u00a0\u00bbno\u00a0\u00bb angled_section_position=\u00a0\u00bbboth\u00a0\u00bb angled_section_direction=\u00a0\u00bbfrom_left_to_right\u00a0\u00bb background_image_as_pattern=\u00a0\u00bbwithout_pattern\u00a0\u00bb row_negative_margin=\u00a0\u00bb\u00a0\u00bb anchor=\u00a0\u00bbcorporate\u00a0\u00bb][vc_column width=\u00a0\u00bb1\/1&Prime;][vc_column_text] SOCI\u00c9T\u00c9S [\/vc_column_text][vc_column_text] Brasser des affaires peut parfois signifier que les choses tourneront mal entre l\u2019entreprise, les tierces parties, les actionnaires ou les employ\u00e9s. [\/vc_column_text][vc_separator type=\u00a0\u00bbsmall\u00a0\u00bb position=\u00a0\u00bbcenter\u00a0\u00bb width_in_percentages=\u00a0\u00bb\u00a0\u00bb up=\u00a0\u00bb10&Prime; down=\u00a0\u00bb15&Prime;][\/vc_column][\/vc_row][vc_row...\" \/>\n<meta property=\"og:url\" content=\"https:\/\/doverforensics.ca\/fr\/expertises\/\" \/>\n<meta property=\"og:site_name\" content=\"Dover Forensics\" \/>\n<meta property=\"article:modified_time\" content=\"2016-02-22T17:48:03+00:00\" \/>\n<meta name=\"twitter:card\" content=\"summary_large_image\" \/>\n<meta name=\"twitter:label1\" content=\"Dur\u00e9e de lecture estim\u00e9e\" \/>\n\t<meta name=\"twitter:data1\" content=\"5 minutes\" \/>\n<script type=\"application\/ld+json\" class=\"yoast-schema-graph\">{\"@context\":\"https:\/\/schema.org\",\"@graph\":[{\"@type\":\"WebPage\",\"@id\":\"https:\/\/doverforensics.ca\/fr\/expertises\/\",\"url\":\"https:\/\/doverforensics.ca\/fr\/expertises\/\",\"name\":\"Expertises - Dover Forensics\",\"isPartOf\":{\"@id\":\"https:\/\/doverforensics.ca\/#website\"},\"datePublished\":\"2014-03-25T08:51:22+00:00\",\"dateModified\":\"2016-02-22T17:48:03+00:00\",\"breadcrumb\":{\"@id\":\"https:\/\/doverforensics.ca\/fr\/expertises\/#breadcrumb\"},\"inLanguage\":\"fr-FR\",\"potentialAction\":[{\"@type\":\"ReadAction\",\"target\":[\"https:\/\/doverforensics.ca\/fr\/expertises\/\"]}]},{\"@type\":\"BreadcrumbList\",\"@id\":\"https:\/\/doverforensics.ca\/fr\/expertises\/#breadcrumb\",\"itemListElement\":[{\"@type\":\"ListItem\",\"position\":1,\"name\":\"Home\",\"item\":\"https:\/\/doverforensics.ca\/fr\/\"},{\"@type\":\"ListItem\",\"position\":2,\"name\":\"Expertises\"}]},{\"@type\":\"WebSite\",\"@id\":\"https:\/\/doverforensics.ca\/#website\",\"url\":\"https:\/\/doverforensics.ca\/\",\"name\":\"Dover Forensics\",\"description\":\"\",\"potentialAction\":[{\"@type\":\"SearchAction\",\"target\":{\"@type\":\"EntryPoint\",\"urlTemplate\":\"https:\/\/doverforensics.ca\/?s={search_term_string}\"},\"query-input\":{\"@type\":\"PropertyValueSpecification\",\"valueRequired\":true,\"valueName\":\"search_term_string\"}}],\"inLanguage\":\"fr-FR\"}]}<\/script>\n<!-- \/ Yoast SEO plugin. -->","yoast_head_json":{"title":"Expertises - Dover Forensics","robots":{"index":"noindex","follow":"nofollow"},"og_locale":"fr_FR","og_type":"article","og_title":"Expertises - Dover Forensics","og_description":"[vc_row row_type=\u00a0\u00bbrow\u00a0\u00bb type=\u00a0\u00bbgrid\u00a0\u00bb text_align=\u00a0\u00bbleft\u00a0\u00bb padding_top=\u00a0\u00bb73&Prime; background_color=\u00a0\u00bb#ffffff\u00a0\u00bb padding_bottom=\u00a0\u00bb15&Prime; use_row_as_full_screen_section=\u00a0\u00bbno\u00a0\u00bb parallax_content_width=\u00a0\u00bbin_grid\u00a0\u00bb angled_section=\u00a0\u00bbno\u00a0\u00bb angled_section_position=\u00a0\u00bbboth\u00a0\u00bb angled_section_direction=\u00a0\u00bbfrom_left_to_right\u00a0\u00bb background_image_as_pattern=\u00a0\u00bbwithout_pattern\u00a0\u00bb row_negative_margin=\u00a0\u00bb\u00a0\u00bb anchor=\u00a0\u00bbcorporate\u00a0\u00bb][vc_column width=\u00a0\u00bb1\/1&Prime;][vc_column_text] SOCI\u00c9T\u00c9S [\/vc_column_text][vc_column_text] Brasser des affaires peut parfois signifier que les choses tourneront mal entre l\u2019entreprise, les tierces parties, les actionnaires ou les employ\u00e9s. [\/vc_column_text][vc_separator type=\u00a0\u00bbsmall\u00a0\u00bb position=\u00a0\u00bbcenter\u00a0\u00bb width_in_percentages=\u00a0\u00bb\u00a0\u00bb up=\u00a0\u00bb10&Prime; down=\u00a0\u00bb15&Prime;][\/vc_column][\/vc_row][vc_row...","og_url":"https:\/\/doverforensics.ca\/fr\/expertises\/","og_site_name":"Dover Forensics","article_modified_time":"2016-02-22T17:48:03+00:00","twitter_card":"summary_large_image","twitter_misc":{"Dur\u00e9e de lecture estim\u00e9e":"5 minutes"},"schema":{"@context":"https:\/\/schema.org","@graph":[{"@type":"WebPage","@id":"https:\/\/doverforensics.ca\/fr\/expertises\/","url":"https:\/\/doverforensics.ca\/fr\/expertises\/","name":"Expertises - Dover Forensics","isPartOf":{"@id":"https:\/\/doverforensics.ca\/#website"},"datePublished":"2014-03-25T08:51:22+00:00","dateModified":"2016-02-22T17:48:03+00:00","breadcrumb":{"@id":"https:\/\/doverforensics.ca\/fr\/expertises\/#breadcrumb"},"inLanguage":"fr-FR","potentialAction":[{"@type":"ReadAction","target":["https:\/\/doverforensics.ca\/fr\/expertises\/"]}]},{"@type":"BreadcrumbList","@id":"https:\/\/doverforensics.ca\/fr\/expertises\/#breadcrumb","itemListElement":[{"@type":"ListItem","position":1,"name":"Home","item":"https:\/\/doverforensics.ca\/fr\/"},{"@type":"ListItem","position":2,"name":"Expertises"}]},{"@type":"WebSite","@id":"https:\/\/doverforensics.ca\/#website","url":"https:\/\/doverforensics.ca\/","name":"Dover Forensics","description":"","potentialAction":[{"@type":"SearchAction","target":{"@type":"EntryPoint","urlTemplate":"https:\/\/doverforensics.ca\/?s={search_term_string}"},"query-input":{"@type":"PropertyValueSpecification","valueRequired":true,"valueName":"search_term_string"}}],"inLanguage":"fr-FR"}]}},"_links":{"self":[{"href":"https:\/\/doverforensics.ca\/fr\/wp-json\/wp\/v2\/pages\/16392","targetHints":{"allow":["GET"]}}],"collection":[{"href":"https:\/\/doverforensics.ca\/fr\/wp-json\/wp\/v2\/pages"}],"about":[{"href":"https:\/\/doverforensics.ca\/fr\/wp-json\/wp\/v2\/types\/page"}],"author":[{"embeddable":true,"href":"https:\/\/doverforensics.ca\/fr\/wp-json\/wp\/v2\/users\/1"}],"replies":[{"embeddable":true,"href":"https:\/\/doverforensics.ca\/fr\/wp-json\/wp\/v2\/comments?post=16392"}],"version-history":[{"count":4,"href":"https:\/\/doverforensics.ca\/fr\/wp-json\/wp\/v2\/pages\/16392\/revisions"}],"predecessor-version":[{"id":16474,"href":"https:\/\/doverforensics.ca\/fr\/wp-json\/wp\/v2\/pages\/16392\/revisions\/16474"}],"wp:attachment":[{"href":"https:\/\/doverforensics.ca\/fr\/wp-json\/wp\/v2\/media?parent=16392"}],"curies":[{"name":"wp","href":"https:\/\/api.w.org\/{rel}","templated":true}]}}