{"id":16397,"date":"2015-07-10T19:07:18","date_gmt":"2015-07-10T19:07:18","guid":{"rendered":"http:\/\/doverforensics.ca\/fr\/about-us\/"},"modified":"2017-03-21T17:50:10","modified_gmt":"2017-03-21T17:50:10","slug":"a-propos","status":"publish","type":"page","link":"https:\/\/doverforensics.ca\/fr\/a-propos\/","title":{"rendered":"\u00c0 PROPOS"},"content":{"rendered":"<div class=\"wpb-content-wrapper\"><p>[vc_row type=\u00a0\u00bbgrid\u00a0\u00bb full_width=\u00a0\u00bb\u00a0\u00bb css=\u00a0\u00bb.vc_custom_1440248104006{margin-top: 130px !important;padding-top: 30px !important;}\u00a0\u00bb][vc_column][vc_column_text]<\/p>\n<h1><strong>UNE DIRECTION FERME <\/strong><\/h1>\n<hr style=\"height: 2px; background-color: #39566d; width: 30%; display: inline-block;\" \/>\n<p>[\/vc_column_text][\/vc_column][\/vc_row][vc_row type=\u00a0\u00bbgrid\u00a0\u00bb css=\u00a0\u00bb.vc_custom_1437666775368{padding-top: 0px !important;padding-bottom: 40px !important;}\u00a0\u00bb][vc_column width=\u00a0\u00bb1\/4&Prime;][vc_single_image image=\u00a0\u00bb16346&Prime; img_size=\u00a0\u00bbfull\u00a0\u00bb alignment=\u00a0\u00bbcenter\u00a0\u00bb style=\u00a0\u00bbvc_box_shadow_border\u00a0\u00bb][vc_column_text]<\/p>\n<h1 style=\"font-size: 20px; padding-top: 15px; text-align: center;\">Greg Silas<\/h1>\n<p>[\/vc_column_text][\/vc_column][vc_column width=\u00a0\u00bb3\/4&Prime; css=\u00a0\u00bb.vc_custom_1440247047902{padding-top: 30px !important;}\u00a0\u00bb][vc_column_text]<\/p>\n<p>L\u2019exp\u00e9rience fonctionnelle et industrielle de Greg au Canada, aux \u00c9tats-Unis, \u00e0 Taiwan, en Chine, aux \u00c9mirats Arabes Unis et en Afghanistan permet \u00e0 Dover d\u2019aborder les probl\u00e8mes en adoptant une approche tr\u00e8s diff\u00e9rente de celle des cabinets comptables traditionnels.[\/vc_column_text][\/vc_column][\/vc_row][vc_row type=\u00a0\u00bbgrid\u00a0\u00bb full_width=\u00a0\u00bb\u00a0\u00bb css=\u00a0\u00bb.vc_custom_1440248666744{padding-top: 30px !important;background-color: #f9f9f9 !important;}\u00a0\u00bb][vc_column][vc_column_text]<\/p>\n<h1>HISTOIRES DE CAS<\/h1>\n<hr style=\"height: 2px; background-color: #39566d; width: 30%; display: inline-block;\" \/>\n<p>[\/vc_column_text][\/vc_column][\/vc_row][vc_row type=\u00a0\u00bbgrid\u00a0\u00bb full_width=\u00a0\u00bb\u00a0\u00bb css=\u00a0\u00bb.vc_custom_1440248704915{padding-bottom: 30px !important;padding-left: 30px !important;background-color: #f9f9f9 !important;}\u00a0\u00bb][vc_column]<div class=\"q_icon_list\"><i class=\"qode_icon_font_awesome fa fa-folder-open qode-ili-icon-holder transparent\" style=\"color: #303030;\" ><\/i><p style=\"\">2015\/2016 - Fort McMurray (AB, Canada) : Quantification de nombreuses r\u00e9clamations d\u2019assurance industrielles et de propri\u00e9t\u00e9 totalisant plusieurs millions de dollars \u00e0 cause de l'incendie \u00e0 Fort McMurray<\/p><\/div><div class=\"q_icon_list\"><i class=\"qode_icon_font_awesome fa fa-folder-open qode-ili-icon-holder transparent\" style=\"color: #303030;\" ><\/i><p style=\"\">2010 \u2013 Brantford (Ontario, Canada) : Collaboration avec la GRC et des porteurs d\u2019obligations dans une affaire de ch\u00e8ques sans provision (fraude bancaire) et de disposition frauduleuse de biens (concessionnaires automobiles).<\/p><\/div><div class=\"q_icon_list\"><i class=\"qode_icon_font_awesome fa fa-folder-open qode-ili-icon-holder transparent\" style=\"color: #303030;\" ><\/i><p style=\"\">2009 \u2013 Camp Leatherneck (Afghanistan) : Collaboration avec l\u2019arm\u00e9e am\u00e9ricaine pour d\u00e9noncer la collusion entre Afghans, anciens employ\u00e9s militaires et fournisseurs internationaux qui d\u00e9tournaient les ressources et cr\u00e9aient des factures frauduleuses.<\/p><\/div>[\/vc_column][\/vc_row][vc_row type=\u00a0\u00bbgrid\u00a0\u00bb full_width=\u00a0\u00bb\u00a0\u00bb css=\u00a0\u00bb.vc_custom_1440248188473{padding-top: 30px !important;padding-bottom: 50px !important;}\u00a0\u00bb][vc_column][vc_column_text]<\/p>\n<h1>SP\u00c9CIALISATIONS PARTICULI\u00c8RES<\/h1>\n<hr style=\"height: 2px; background-color: #39566d; width: 30%; display: inline-block;\" \/>\n<p>[\/vc_column_text][vc_column_text]<\/p>\n<p>Bien que nous travaillions dans plusieurs industries, Dover a d\u00e9velopp\u00e9 une expertise particuli\u00e8re dans les domaines suivants\u00a0:<\/p>\n<p>[\/vc_column_text][vc_column_text css=\u00a0\u00bb.vc_custom_1444923316669{padding-left: 30px !important;}\u00a0\u00bb]<\/p>\n<ul>\n<li>Secteur de l\u2019h\u00f4tellerie et du d\u00e9tail<\/li>\n<li>Environnements m\u00e9caniques\u00a0: cha\u00eene de production et v\u00e9hicules<\/li>\n<li>Construction, propri\u00e9t\u00e9 et infrastructure<\/li>\n<li>Textile et v\u00eatements<\/li>\n<li>Contrats militaires<\/li>\n<li>Secteur minier<\/li>\n<\/ul>\n<p>[\/vc_column_text][\/vc_column][\/vc_row]<\/p>\n<\/div>","protected":false},"excerpt":{"rendered":"<p>[vc_row type=\u00a0\u00bbgrid\u00a0\u00bb full_width=\u00a0\u00bb\u00a0\u00bb css=\u00a0\u00bb.vc_custom_1440248104006{margin-top: 130px !important;padding-top: 30px !important;}\u00a0\u00bb][vc_column][vc_column_text] UNE DIRECTION FERME [\/vc_column_text][\/vc_column][\/vc_row][vc_row type=\u00a0\u00bbgrid\u00a0\u00bb css=\u00a0\u00bb.vc_custom_1437666775368{padding-top: 0px !important;padding-bottom: 40px !important;}\u00a0\u00bb][vc_column width=\u00a0\u00bb1\/4&Prime;][vc_single_image image=\u00a0\u00bb16346&Prime; img_size=\u00a0\u00bbfull\u00a0\u00bb alignment=\u00a0\u00bbcenter\u00a0\u00bb style=\u00a0\u00bbvc_box_shadow_border\u00a0\u00bb][vc_column_text] Greg Silas [\/vc_column_text][\/vc_column][vc_column width=\u00a0\u00bb3\/4&Prime; css=\u00a0\u00bb.vc_custom_1440247047902{padding-top: 30px !important;}\u00a0\u00bb][vc_column_text] L\u2019exp\u00e9rience fonctionnelle et industrielle de Greg au Canada, aux \u00c9tats-Unis, \u00e0 Taiwan, en Chine, aux&#8230;<\/p>\n","protected":false},"author":1,"featured_media":0,"parent":0,"menu_order":0,"comment_status":"open","ping_status":"closed","template":"full_width.php","meta":{"footnotes":""},"class_list":["post-16397","page","type-page","status-publish","hentry"],"yoast_head":"<!-- This site is optimized with the Yoast SEO plugin v27.2 - https:\/\/yoast.com\/product\/yoast-seo-wordpress\/ -->\n<title>\u00c0 PROPOS - Dover Forensics<\/title>\n<meta name=\"robots\" content=\"index, follow, max-snippet:-1, max-image-preview:large, max-video-preview:-1\" \/>\n<link rel=\"canonical\" href=\"https:\/\/doverforensics.ca\/fr\/a-propos\/\" \/>\n<meta property=\"og:locale\" content=\"fr_FR\" \/>\n<meta property=\"og:type\" content=\"article\" \/>\n<meta property=\"og:title\" content=\"\u00c0 PROPOS - Dover Forensics\" \/>\n<meta property=\"og:description\" content=\"[vc_row type=\u00a0\u00bbgrid\u00a0\u00bb full_width=\u00a0\u00bb\u00a0\u00bb css=\u00a0\u00bb.vc_custom_1440248104006{margin-top: 130px !important;padding-top: 30px !important;}\u00a0\u00bb][vc_column][vc_column_text] UNE DIRECTION FERME [\/vc_column_text][\/vc_column][\/vc_row][vc_row type=\u00a0\u00bbgrid\u00a0\u00bb css=\u00a0\u00bb.vc_custom_1437666775368{padding-top: 0px !important;padding-bottom: 40px !important;}\u00a0\u00bb][vc_column width=\u00a0\u00bb1\/4&Prime;][vc_single_image image=\u00a0\u00bb16346&Prime; img_size=\u00a0\u00bbfull\u00a0\u00bb alignment=\u00a0\u00bbcenter\u00a0\u00bb style=\u00a0\u00bbvc_box_shadow_border\u00a0\u00bb][vc_column_text] Greg Silas [\/vc_column_text][\/vc_column][vc_column width=\u00a0\u00bb3\/4&Prime; css=\u00a0\u00bb.vc_custom_1440247047902{padding-top: 30px !important;}\u00a0\u00bb][vc_column_text] L\u2019exp\u00e9rience fonctionnelle et industrielle de Greg au Canada, aux \u00c9tats-Unis, \u00e0 Taiwan, en Chine, aux...\" \/>\n<meta property=\"og:url\" content=\"https:\/\/doverforensics.ca\/fr\/a-propos\/\" \/>\n<meta property=\"og:site_name\" content=\"Dover Forensics\" \/>\n<meta property=\"article:modified_time\" content=\"2017-03-21T17:50:10+00:00\" \/>\n<meta name=\"twitter:card\" content=\"summary_large_image\" \/>\n<meta name=\"twitter:label1\" content=\"Dur\u00e9e de lecture estim\u00e9e\" \/>\n\t<meta name=\"twitter:data1\" content=\"2 minutes\" \/>\n<script type=\"application\/ld+json\" class=\"yoast-schema-graph\">{\"@context\":\"https:\/\/schema.org\",\"@graph\":[{\"@type\":\"WebPage\",\"@id\":\"https:\/\/doverforensics.ca\/fr\/a-propos\/\",\"url\":\"https:\/\/doverforensics.ca\/fr\/a-propos\/\",\"name\":\"\u00c0 PROPOS - Dover Forensics\",\"isPartOf\":{\"@id\":\"https:\/\/doverforensics.ca\/#website\"},\"datePublished\":\"2015-07-10T19:07:18+00:00\",\"dateModified\":\"2017-03-21T17:50:10+00:00\",\"breadcrumb\":{\"@id\":\"https:\/\/doverforensics.ca\/fr\/a-propos\/#breadcrumb\"},\"inLanguage\":\"fr-FR\",\"potentialAction\":[{\"@type\":\"ReadAction\",\"target\":[\"https:\/\/doverforensics.ca\/fr\/a-propos\/\"]}]},{\"@type\":\"BreadcrumbList\",\"@id\":\"https:\/\/doverforensics.ca\/fr\/a-propos\/#breadcrumb\",\"itemListElement\":[{\"@type\":\"ListItem\",\"position\":1,\"name\":\"Home\",\"item\":\"https:\/\/doverforensics.ca\/fr\/\"},{\"@type\":\"ListItem\",\"position\":2,\"name\":\"\u00c0 PROPOS\"}]},{\"@type\":\"WebSite\",\"@id\":\"https:\/\/doverforensics.ca\/#website\",\"url\":\"https:\/\/doverforensics.ca\/\",\"name\":\"Dover Forensics\",\"description\":\"\",\"potentialAction\":[{\"@type\":\"SearchAction\",\"target\":{\"@type\":\"EntryPoint\",\"urlTemplate\":\"https:\/\/doverforensics.ca\/?s={search_term_string}\"},\"query-input\":{\"@type\":\"PropertyValueSpecification\",\"valueRequired\":true,\"valueName\":\"search_term_string\"}}],\"inLanguage\":\"fr-FR\"}]}<\/script>\n<!-- \/ Yoast SEO plugin. -->","yoast_head_json":{"title":"\u00c0 PROPOS - Dover Forensics","robots":{"index":"index","follow":"follow","max-snippet":"max-snippet:-1","max-image-preview":"max-image-preview:large","max-video-preview":"max-video-preview:-1"},"canonical":"https:\/\/doverforensics.ca\/fr\/a-propos\/","og_locale":"fr_FR","og_type":"article","og_title":"\u00c0 PROPOS - Dover Forensics","og_description":"[vc_row type=\u00a0\u00bbgrid\u00a0\u00bb full_width=\u00a0\u00bb\u00a0\u00bb css=\u00a0\u00bb.vc_custom_1440248104006{margin-top: 130px !important;padding-top: 30px !important;}\u00a0\u00bb][vc_column][vc_column_text] UNE DIRECTION FERME [\/vc_column_text][\/vc_column][\/vc_row][vc_row type=\u00a0\u00bbgrid\u00a0\u00bb css=\u00a0\u00bb.vc_custom_1437666775368{padding-top: 0px !important;padding-bottom: 40px !important;}\u00a0\u00bb][vc_column width=\u00a0\u00bb1\/4&Prime;][vc_single_image image=\u00a0\u00bb16346&Prime; img_size=\u00a0\u00bbfull\u00a0\u00bb alignment=\u00a0\u00bbcenter\u00a0\u00bb style=\u00a0\u00bbvc_box_shadow_border\u00a0\u00bb][vc_column_text] Greg Silas [\/vc_column_text][\/vc_column][vc_column width=\u00a0\u00bb3\/4&Prime; css=\u00a0\u00bb.vc_custom_1440247047902{padding-top: 30px !important;}\u00a0\u00bb][vc_column_text] L\u2019exp\u00e9rience fonctionnelle et industrielle de Greg au Canada, aux \u00c9tats-Unis, \u00e0 Taiwan, en Chine, aux...","og_url":"https:\/\/doverforensics.ca\/fr\/a-propos\/","og_site_name":"Dover Forensics","article_modified_time":"2017-03-21T17:50:10+00:00","twitter_card":"summary_large_image","twitter_misc":{"Dur\u00e9e de lecture estim\u00e9e":"2 minutes"},"schema":{"@context":"https:\/\/schema.org","@graph":[{"@type":"WebPage","@id":"https:\/\/doverforensics.ca\/fr\/a-propos\/","url":"https:\/\/doverforensics.ca\/fr\/a-propos\/","name":"\u00c0 PROPOS - Dover Forensics","isPartOf":{"@id":"https:\/\/doverforensics.ca\/#website"},"datePublished":"2015-07-10T19:07:18+00:00","dateModified":"2017-03-21T17:50:10+00:00","breadcrumb":{"@id":"https:\/\/doverforensics.ca\/fr\/a-propos\/#breadcrumb"},"inLanguage":"fr-FR","potentialAction":[{"@type":"ReadAction","target":["https:\/\/doverforensics.ca\/fr\/a-propos\/"]}]},{"@type":"BreadcrumbList","@id":"https:\/\/doverforensics.ca\/fr\/a-propos\/#breadcrumb","itemListElement":[{"@type":"ListItem","position":1,"name":"Home","item":"https:\/\/doverforensics.ca\/fr\/"},{"@type":"ListItem","position":2,"name":"\u00c0 PROPOS"}]},{"@type":"WebSite","@id":"https:\/\/doverforensics.ca\/#website","url":"https:\/\/doverforensics.ca\/","name":"Dover Forensics","description":"","potentialAction":[{"@type":"SearchAction","target":{"@type":"EntryPoint","urlTemplate":"https:\/\/doverforensics.ca\/?s={search_term_string}"},"query-input":{"@type":"PropertyValueSpecification","valueRequired":true,"valueName":"search_term_string"}}],"inLanguage":"fr-FR"}]}},"_links":{"self":[{"href":"https:\/\/doverforensics.ca\/fr\/wp-json\/wp\/v2\/pages\/16397","targetHints":{"allow":["GET"]}}],"collection":[{"href":"https:\/\/doverforensics.ca\/fr\/wp-json\/wp\/v2\/pages"}],"about":[{"href":"https:\/\/doverforensics.ca\/fr\/wp-json\/wp\/v2\/types\/page"}],"author":[{"embeddable":true,"href":"https:\/\/doverforensics.ca\/fr\/wp-json\/wp\/v2\/users\/1"}],"replies":[{"embeddable":true,"href":"https:\/\/doverforensics.ca\/fr\/wp-json\/wp\/v2\/comments?post=16397"}],"version-history":[{"count":4,"href":"https:\/\/doverforensics.ca\/fr\/wp-json\/wp\/v2\/pages\/16397\/revisions"}],"predecessor-version":[{"id":16398,"href":"https:\/\/doverforensics.ca\/fr\/wp-json\/wp\/v2\/pages\/16397\/revisions\/16398"}],"wp:attachment":[{"href":"https:\/\/doverforensics.ca\/fr\/wp-json\/wp\/v2\/media?parent=16397"}],"curies":[{"name":"wp","href":"https:\/\/api.w.org\/{rel}","templated":true}]}}